{"id":3,"date":"2026-02-26T07:15:32","date_gmt":"2026-02-26T07:15:32","guid":{"rendered":"https:\/\/infolink-software.de\/?page_id=3"},"modified":"2026-03-03T16:33:52","modified_gmt":"2026-03-03T16:33:52","slug":"privacy-policy","status":"publish","type":"page","link":"https:\/\/infolink-software.de\/index.php\/privacy-policy\/","title":{"rendered":"Datenschutz"},"content":{"rendered":"<div class=\"wpb-content-wrapper\"><p>[vc_row][vc_column][vc_column_text]G\u00fcltigkeitsdatum: 18.12.2025, 09:15<\/p>\n<p>Einf\u00fchrung und Organisatorisches<br \/>\nWir von Infolink Gmbh, sind bestrebt, unsere Kunden und Kontakte bestm\u00f6glich zu bedienen. Teil unseres Engagements ist der verantwortungsvolle Umgang mit pers\u00f6nlichen Daten, die \u00fcber unsere Website infolink.de, und alle damit verbundenen Interaktionen gesammelt werden. Unsere wichtigsten Ziele bei der Verarbeitung dieser Informationen sind:<\/p>\n<p>Verbesserung der Nutzererfahrung auf unserer Plattform durch Verst\u00e4ndnis der Kundenbed\u00fcrfnisse und -pr\u00e4ferenzen.<br \/>\nBereitstellung von zeitnahem Support und Beantwortung von Anfragen oder Serviceantr\u00e4gen.<br \/>\nVerbesserung unserer Produkte und Dienstleistungen, um die sich entwickelnden Anforderungen unserer Nutzer zu erf\u00fcllen.<br \/>\nDurchf\u00fchrung notwendiger Gesch\u00e4ftsvorg\u00e4nge, wie z. B. Rechnungsstellung und Kontoverwaltung.<br \/>\nEs geh\u00f6rt zu unseren Grunds\u00e4tzen, personenbezogene Daten unter gr\u00f6\u00dftm\u00f6glicher Wahrung von Privatsph\u00e4re und Sicherheit zu verarbeiten. Wir halten uns an alle einschl\u00e4gigen Vorschriften und Richtlinien, um sicherzustellen, dass die von uns verarbeiteten Daten vor unbefugtem Zugriff, Offenlegung, Ver\u00e4nderung und Zerst\u00f6rung gesch\u00fctzt sind. Unsere Praktiken sind darauf ausgerichtet, die Vertraulichkeit und Integrit\u00e4t Ihrer pers\u00f6nlichen Daten zu sch\u00fctzen und gleichzeitig auf bestm\u00f6gliche Weise die Dienstleistungen zu erbringen, die Sie von uns erwarten.<\/p>\n<p>Wir haben keinen ausgewiesenen Datenschutzbeauftragten (DSB), setzen uns aber nach wie vor voll und ganz f\u00fcr Ihre Datenschutzbelange ein. Sollten Sie Fragen haben oder weitere Informationen dar\u00fcber ben\u00f6tigen, wie wir personenbezogene Daten verwalten, k\u00f6nnen Sie uns gerne unter poje.mario@gmail.com oder +385 911472588.<br \/>\nIhre Privatsph\u00e4re hat f\u00fcr uns Priorit\u00e4t. Wir verpflichten uns, Ihre personenbezogenen Daten transparent und unter Ber\u00fccksichtigung Ihrer Sicherheit zu verarbeiten. Diese Verpflichtung erstreckt sich auch auf unsere Zusammenarbeit mit Drittanbietern, die personenbezogene Daten in unserem Auftrag verarbeiten, z. B. beim Versand von Rechnungen. Seien Sie versichert, dass alle Aktivit\u00e4ten in strikter \u00dcbereinstimmung mit den geltenden Datenschutzgesetzen durchgef\u00fchrt werden.<\/p>\n<p>Umfang und Anwendung<br \/>\nUnsere Datenschutzerkl\u00e4rung ist darauf ausgerichtet, die pers\u00f6nlichen Daten aller unserer Interessengruppen zu sch\u00fctzen, einschlie\u00dflich der Besucher unserer Website, der registrierten Nutzer und Kunden. Unabh\u00e4ngig davon, ob Sie nur auf unserer Website infolink.de, surfen, unsere Dienste als registrierter Nutzer in Anspruch nehmen oder als gesch\u00e4tzter Kunde mit uns zusammenarbeiten, stellen wir sicher, dass Ihre personenbezogenen Daten unter Einhaltung der h\u00f6chsten Datenschutz- und Sicherheitsstandards verarbeitet werden. In dieser Datenschutzerkl\u00e4rung werden unsere Praktiken und Ihre Rechte in Bezug auf personenbezogene Daten dargelegt.<\/p>\n<p>Datenspeicherung und -schutz<br \/>\nDatenspeicherung<br \/>\nPersonenbezogene Daten werden auf sicheren Servern in: . gespeichert. Bei Diensten, die eine internationale Daten\u00fcbertragung erfordern, stellen wir sicher, dass diese \u00dcbertragungen mit allen geltenden Gesetzen \u00fcbereinstimmen und Datenschutzstandards aufrechterhalten werden, die denen an unserem Hauptstandort entsprechen.<br \/>\nDaten-Hosting-Partner: Wir arbeiten mit renommierten Datenhosting-Anbietern zusammen, die sich verpflichtet haben, modernste Sicherheitsma\u00dfnahmen anzuwenden. Diese Partner werden auf der Grundlage ihrer Einhaltung strenger Datenschutzstandards ausgew\u00e4hlt.<br \/>\nVereinbarungen zur Datenverarbeitung<br \/>\nWenn wir Ihre Daten an Drittanbieter weitergeben, tun wir dies unter dem Schutz von Auftragsverarbeitungsvereinbarungen, die sicherstellen, dass Ihre Informationen in \u00dcbereinstimmung mit der DSGVO und anderen einschl\u00e4gigen Datenschutzgesetzen verwaltet werden. Diese Vereinbarungen schreiben vor, dass Dritte angemessene technische und organisatorische Ma\u00dfnahmen umsetzen, um die Sicherheit Ihrer Daten zu gew\u00e4hrleisten.<\/p>\n<p>Transparenz und Kontrolle<br \/>\nWir glauben an Transparenz und daran, dass Sie die Kontrolle \u00fcber Ihre pers\u00f6nlichen Daten haben. Sie werden stets \u00fcber alle wesentlichen \u00c4nderungen unserer Praxis der Weitergabe informiert und haben gegebenenfalls die M\u00f6glichkeit, diesen \u00c4nderungen zuzustimmen.<\/p>\n<p>Ihr Vertrauen ist uns wichtig, und wir bem\u00fchen uns, sicherzustellen, dass Ihre personenbezogenen Daten nur in \u00dcbereinstimmung mit dieser Erkl\u00e4rung und bei Vorliegen eines berechtigten Grundes weitergegeben werden. Wenn Sie Fragen oder Bedenken bez\u00fcglich der Weitergabe und Offenlegung personenbezogener Daten haben, wenden Sie sich bitte an poje.mario@gmail.com ODER +385 911472588.<\/p>\n<p>Nutzerrechte und Wahlm\u00f6glichkeiten<br \/>\nBei Infolink Gmbh, erkennen wir Ihre Rechte in Bezug auf Ihre pers\u00f6nlichen Daten an und respektieren sie, in \u00dcbereinstimmung mit der Allgemeinen Datenschutzgrundverordnung (DSGVO) und anderen anwendbaren Datenschutzgesetzen. Wir setzen uns daf\u00fcr ein, dass Sie Ihre Rechte wirksam aus\u00fcben k\u00f6nnen. Im Folgenden finden Sie einen \u00dcberblick \u00fcber Ihre Rechte und wie Sie diese aus\u00fcben k\u00f6nnen:<\/p>\n<p>Ihre Rechte<\/p>\n<p>Auskunftsrecht der betroffenen Person (Art. 15 DSGVO): Sie haben das Recht, Zugang zu den personenbezogenen Daten zu verlangen, die wir \u00fcber Sie gespeichert haben, und Informationen dar\u00fcber zu erhalten, wie wir sie verarbeiten.<br \/>\nRecht auf Berichtigung (Art. 16 DSGVO): Wenn Sie der Meinung sind, dass die von uns \u00fcber Sie gespeicherten personenbezogenen Daten unrichtig oder unvollst\u00e4ndig sind, haben Sie das Recht, deren Berichtigung oder Vervollst\u00e4ndigung zu verlangen.<br \/>\nRecht auf L\u00f6schung (\u201eRecht auf Vergessenwerden\u201c) (Art. 17 DSGVO): Sie haben das Recht, die L\u00f6schung Ihrer personenbezogenen Daten zu verlangen, wenn sie unter anderem f\u00fcr die Zwecke, f\u00fcr die sie erhoben wurden, nicht mehr erforderlich sind.<br \/>\nRecht auf Einschr\u00e4nkung der Verarbeitung (Art. 18 DSGVO): Sie haben das Recht zu verlangen, dass wir die Verarbeitung Ihrer personenbezogenen Daten unter bestimmten Bedingungen einschr\u00e4nken.<br \/>\nRecht auf Daten\u00fcbertragbarkeit (Art. 20 DSGVO): Sie haben das Recht, Ihre personenbezogenen Daten in einem strukturierten, g\u00e4ngigen und maschinenlesbaren Format zu erhalten und diese Daten an einen anderen Verantwortlichen zu \u00fcbermitteln.<br \/>\nWiderspruchsrecht (Art. 21 DSGVO): Sie haben das Recht, der Verarbeitung Ihrer personenbezogenen Daten unter bestimmten Bedingungen zu widersprechen, einschlie\u00dflich der Verarbeitung f\u00fcr Direktmarketing.<br \/>\nWiderrufsrecht der Einwilligung (Art. 7 Abs. 3 DSGVO): Beruht die Verarbeitung Ihrer personenbezogenen Daten auf Ihrer Einwilligung, haben Sie das Recht, diese Einwilligung jederzeit zu widerrufen, ohne dass die Rechtm\u00e4\u00dfigkeit der Verarbeitung aufgrund der Einwilligung vor dem Widerruf ber\u00fchrt wird.<br \/>\nRecht auf Beschwerde bei einer Aufsichtsbeh\u00f6rde (Art. 77 DSGVO): Sie haben das Recht, eine Beschwerde bei einer Aufsichtsbeh\u00f6rde einzureichen, wenn Sie der Meinung sind, dass unsere Verarbeitung Ihrer personenbezogenen Daten gegen geltende Datenschutzgesetze verst\u00f6\u00dft.<br \/>\nAus\u00fcbung Ihrer Rechte<br \/>\nUm eines dieser Rechte auszu\u00fcben, kontaktieren Sie uns bitte unter poje.mario@gmail.com oder +385 911472588. Wir werden Ihre Anfrage in \u00dcbereinstimmung mit den geltenden Datenschutzgesetzen und innerhalb der von diesen Gesetzen vorgeschriebenen Fristen beantworten. Bitte beachten Sie, dass wir in einigen F\u00e4llen Ihre Identit\u00e4t \u00fcberpr\u00fcfen m\u00fcssen, um die Sicherheit Ihrer pers\u00f6nlichen Daten zu gew\u00e4hrleisten.<\/p>\n<p>Wir sind bestrebt, Ihnen die Aus\u00fcbung Ihrer Rechte zu erleichtern und sicherzustellen, dass Sie die volle Kontrolle \u00fcber Ihre personenbezogenen Daten haben. Wenn Sie Fragen oder Bedenken hinsichtlich des Umgangs mit Ihren personenbezogenen Daten haben, z\u00f6gern Sie bitte nicht, sich mit uns in Verbindung zu setzen.<\/p>\n<p>Cookies und Tracking-Technologien<br \/>\nWir bei Infolink Gmbh sch\u00e4tzen Ihre Privatsph\u00e4re und verpflichten uns, unsere Verwendung von Cookies und anderen Tracking-Technologien auf unserer Website infolink.de. transparent zu machen. Diese Technologien spielen eine entscheidende Rolle, um den reibungslosen Betrieb unserer digitalen Plattformen zu gew\u00e4hrleisten, Ihre Nutzererfahrung zu verbessern und Einblicke zu geben, die uns helfen, uns zu verbessern.<\/p>\n<p>Cookies und Tracking-Technologien verstehen:<br \/>\nCookies sind kleine Dateien, die auf Ihrem Ger\u00e4t abgelegt werden und es uns erm\u00f6glichen, Ihre Pr\u00e4ferenzen zu speichern und Informationen \u00fcber Ihre Nutzung der Website zu sammeln. Tracking-Technologien, wie Web-Beacons und Pixel-Tags, helfen uns zu verstehen, wie Sie mit unserer Website interagieren und welche Seiten Sie besuchen.<\/p>\n<p>Wie wir diese Technologien nutzen:<br \/>\nEssentielle Cookies: Notwendig f\u00fcr die Funktionalit\u00e4t der Website, z. B. Authentifizierung und Sicherheit. Sie erfordern keine Einwilligung.<br \/>\nLeistungs- und Analyse-Cookies: Diese sammeln Informationen dar\u00fcber, wie Besucher unsere Website nutzen, welche Seiten am h\u00e4ufigsten besucht werden und ob Fehlermeldungen von Websites eingehen. Diese Cookies helfen uns, unsere Website zu verbessern.<br \/>\nFunktionale Cookies: Erm\u00f6glichen der Website eine verbesserte Funktionalit\u00e4t und Personalisierung, z. B. die Speicherung Ihrer Pr\u00e4ferenzen.<br \/>\nWerbung und zielgerichtete Cookies: Sie werden verwendet, um Werbung zu liefern, die f\u00fcr Sie und Ihre Interessen relevant ist. Sie werden auch verwendet, um die Anzahl der Anzeigen zu begrenzen, die Sie sehen, und um die Wirksamkeit der Werbekampagne zu messen.<br \/>\nIhre Wahlm\u00f6glichkeiten und Einwilligung:<br \/>\nBei Ihrem ersten Besuch auf unserer Website wird Ihnen ein Banner angezeigt, auf dem Sie Ihre Einwilligung zu Cookies geben k\u00f6nnen:<\/p>\n<p>Alle Cookies akzeptieren: Sie stimmen der Verwendung aller Cookies und Tracking-Technologien zu.<br \/>\nNicht wesentliche Cookies ablehnen: Es werden nur wesentliche Cookies verwendet, um Ihnen notwendige Funktionen der Website zur Verf\u00fcgung zu stellen.<br \/>\nPassen Sie Ihre Pr\u00e4ferenzen an: W\u00e4hlen Sie, welche Kategorien von Cookies Sie zulassen m\u00f6chten.<br \/>\n\u00c4nderungen an unserer Cookie-Nutzung:<br \/>\nWir k\u00f6nnten unsere Verwendung von Cookies und Tracking-Technologien aktualisieren, um unsere Dienste zu verbessern oder gesetzliche Anforderungen zu erf\u00fcllen. Wir werden Sie \u00fcber alle wesentlichen \u00c4nderungen informieren und gegebenenfalls Ihre Einwilligung einholen.<\/p>\n<p>Ausf\u00fchrlichere Informationen \u00fcber die von uns verwendeten Cookies, ihre Zwecke und wie Sie Ihre Einstellungen verwalten k\u00f6nnen, finden Sie in unserer ausf\u00fchrlichen Cookie-Erkl\u00e4rung https:\/\/www.infolink.de\/?l=de#page80.<\/p>\n<p>Sollten Sie Fragen oder Bedenken bez\u00fcglich unserer Verwendung von Cookies und Tracking-Technologien haben, z\u00f6gern Sie bitte nicht, uns unter info(at)infolink.de oder 0711\/ 26 36 9 \u2013 0. zu kontaktieren. Ihre Privatsph\u00e4re und die Integrit\u00e4t Ihrer pers\u00f6nlichen Daten sind f\u00fcr uns von gr\u00f6\u00dfter Bedeutung.[\/vc_column_text][\/vc_column][\/vc_row][vc_row][vc_column][\/vc_column][\/vc_row]<\/p>\n<\/div>","protected":false},"excerpt":{"rendered":"<p>[vc_row][vc_column][vc_column_text]G\u00fcltigkeitsdatum: 18.12.2025, 09:15 Einf\u00fchrung und Organisatorisches Wir von Infolink Gmbh, sind bestrebt, unsere Kunden und Kontakte bestm\u00f6glich zu bedienen. Teil unseres Engagements ist der verantwortungsvolle Umgang mit pers\u00f6nlichen Daten, die \u00fcber unsere Website infolink.de, und alle damit verbundenen Interaktionen gesammelt werden. Unsere wichtigsten Ziele bei der Verarbeitung dieser Informationen sind: Verbesserung der Nutzererfahrung auf unserer [&hellip;]<\/p>\n","protected":false},"author":1,"featured_media":307,"parent":0,"menu_order":0,"comment_status":"closed","ping_status":"closed","template":"one-page-template.php","meta":{"footnotes":""},"class_list":["post-3","page","type-page","status-publish","has-post-thumbnail","hentry"],"_links":{"self":[{"href":"https:\/\/infolink-software.de\/index.php\/wp-json\/wp\/v2\/pages\/3","targetHints":{"allow":["GET"]}}],"collection":[{"href":"https:\/\/infolink-software.de\/index.php\/wp-json\/wp\/v2\/pages"}],"about":[{"href":"https:\/\/infolink-software.de\/index.php\/wp-json\/wp\/v2\/types\/page"}],"author":[{"embeddable":true,"href":"https:\/\/infolink-software.de\/index.php\/wp-json\/wp\/v2\/users\/1"}],"replies":[{"embeddable":true,"href":"https:\/\/infolink-software.de\/index.php\/wp-json\/wp\/v2\/comments?post=3"}],"version-history":[{"count":6,"href":"https:\/\/infolink-software.de\/index.php\/wp-json\/wp\/v2\/pages\/3\/revisions"}],"predecessor-version":[{"id":423,"href":"https:\/\/infolink-software.de\/index.php\/wp-json\/wp\/v2\/pages\/3\/revisions\/423"}],"wp:featuredmedia":[{"embeddable":true,"href":"https:\/\/infolink-software.de\/index.php\/wp-json\/wp\/v2\/media\/307"}],"wp:attachment":[{"href":"https:\/\/infolink-software.de\/index.php\/wp-json\/wp\/v2\/media?parent=3"}],"curies":[{"name":"wp","href":"https:\/\/api.w.org\/{rel}","templated":true}]}}